{"id":1895,"date":"2017-10-14T23:19:15","date_gmt":"2017-10-15T03:19:15","guid":{"rendered":"http:\/\/bocaproyectos.com\/quienes-somos\/"},"modified":"2026-02-26T08:54:18","modified_gmt":"2026-02-26T12:54:18","slug":"quienes-somos","status":"publish","type":"page","link":"http:\/\/bocaproyectos.com\/en\/quienes-somos\/","title":{"rendered":"practice"},"content":{"rendered":"<p>We are an architecture firm in Caracas, offering innovative and personalized solutions in design, construction, and maintenance to clients in Caracas, Valencia, Maracay, and other cities in Venezuela.<\/p>\n<p>Our team of architects, engineers, technicians, and construction workers collaborates closely with each client to develop proposals that meet their desires, needs, and resources. This collaboration is based on the professional and technical criteria of a team that includes university professors affiliated with the architecture and design workshops of USB, UCAB, and UCV.<\/p>\n<p>We have extensive experience in developing residential, commercial, corporate, and tourism projects, among others. We also undertake construction, remodeling, and maintenance work for houses, apartments, offices, and commercial spaces.<\/p>\n<p>Our goal is to create spaces and buildings that, in harmony with their surroundings, improve the lives of their inhabitants. We integrate quality, functionality, viability, and aesthetics into every design.<\/p>\n<p>At BOCA Proyectos, we offer the following services:<\/p>\n<p>&#8211; Architectural and Engineering Projects (residential, commercial, corporate, tourism, etc.)<\/p>\n<p>&#8211; Construction and Remodeling Projects<\/p>\n<p>&#8211; Building Maintenance (houses, buildings, offices, etc.)<\/p>\n<p>&nbsp;<\/p>\n<p><img loading=\"lazy\" class=\"alignnone size-large wp-image-2680\" src=\"http:\/\/bocaproyectos.com\/wp-content\/uploads\/2024\/10\/equipo-2024-1-1-1024x802.jpg\" alt=\"\" width=\"960\" height=\"752\" srcset=\"http:\/\/bocaproyectos.com\/wp-content\/uploads\/2024\/10\/equipo-2024-1-1-1024x802.jpg 1024w, http:\/\/bocaproyectos.com\/wp-content\/uploads\/2024\/10\/equipo-2024-1-1-300x235.jpg 300w, http:\/\/bocaproyectos.com\/wp-content\/uploads\/2024\/10\/equipo-2024-1-1-768x602.jpg 768w, http:\/\/bocaproyectos.com\/wp-content\/uploads\/2024\/10\/equipo-2024-1-1-1536x1204.jpg 1536w, http:\/\/bocaproyectos.com\/wp-content\/uploads\/2024\/10\/equipo-2024-1-1-2048x1605.jpg 2048w, http:\/\/bocaproyectos.com\/wp-content\/uploads\/2024\/10\/equipo-2024-1-1-1560x1222.jpg 1560w\" sizes=\"(max-width: 960px) 100vw, 960px\" \/><\/p>\n<h4><\/h4>\n<h4><b>1. <\/b>Architecture and Engineering Projects: Imagining and Shaping the Future<\/h4>\n<p>The Project is the essential tool for exploring and shaping ideas; it is the platform that allows the client to evaluate and make the decisions that will determine what their home or business will be. The Project will be the blueprint that governs the execution of the construction work, enabling the coordination of all parties, anticipating results, facilitating process control and auditing, and minimizing risks and surprises.<\/p>\n<p>The Architectural Project consists of a series of technical documents that represent what has been approved by the client.<\/p>\n<p>&nbsp;<\/p>\n<p><img loading=\"lazy\" class=\"alignnone wp-image-1756 size-full\" src=\"http:\/\/bocaproyectos.com\/wp-content\/uploads\/2020\/05\/proyectos-1-final-lowres.jpg\" alt=\"\" width=\"939\" height=\"752\" srcset=\"http:\/\/bocaproyectos.com\/wp-content\/uploads\/2020\/05\/proyectos-1-final-lowres.jpg 939w, http:\/\/bocaproyectos.com\/wp-content\/uploads\/2020\/05\/proyectos-1-final-lowres-300x240.jpg 300w, http:\/\/bocaproyectos.com\/wp-content\/uploads\/2020\/05\/proyectos-1-final-lowres-768x615.jpg 768w\" sizes=\"(max-width: 939px) 100vw, 939px\" \/><\/p>\n<div class=\"QcsUad BDJ8fb BLojaf sMVRZe hCXDsb wneUed\">\n<div class=\"usGWQd\">\n<div class=\"KkbLmb\">\n<div dir=\"ltr\"><\/div>\n<div class=\"lRu31\" dir=\"ltr\"><span class=\"HwtZe\" lang=\"en\"><span class=\"jCAhz ChMk0b\"><span class=\"ryNqvb\">In addition to the Architectural Project, we offer the development of engineering projects (Structures, Electricity, Sanitary, Mechanical, etc.) in order to guarantee optimal coordination and compatibility of criteria between all parts of the work.<\/span><\/span><\/span><\/div>\n<\/div>\n<div dir=\"ltr\"><\/div>\n<\/div>\n<\/div>\n<p><img loading=\"lazy\" class=\"alignnone wp-image-1758 size-full\" src=\"http:\/\/bocaproyectos.com\/wp-content\/uploads\/2020\/05\/proyectos-2-lowres.jpg\" alt=\"\" width=\"939\" height=\"752\" srcset=\"http:\/\/bocaproyectos.com\/wp-content\/uploads\/2020\/05\/proyectos-2-lowres.jpg 939w, http:\/\/bocaproyectos.com\/wp-content\/uploads\/2020\/05\/proyectos-2-lowres-300x240.jpg 300w, http:\/\/bocaproyectos.com\/wp-content\/uploads\/2020\/05\/proyectos-2-lowres-768x615.jpg 768w\" sizes=\"(max-width: 939px) 100vw, 939px\" \/><\/p>\n<h4>2. Construction phase services<\/h4>\n<p>The architect\u2019s core responsibility during this phase is to guarantee that the project is going to be built in accordance to the project approved by the owner and help the contractor to do so. Different owner-architect-contractor agreements require different levels of service on the architect\u2019s part.<\/p>\n<p>&nbsp;<\/p>\n<p><img loading=\"lazy\" class=\"alignnone wp-image-1760 size-full\" src=\"http:\/\/bocaproyectos.com\/wp-content\/uploads\/2020\/05\/construccion-lowres-1.jpg\" alt=\"\" width=\"939\" height=\"736\" srcset=\"http:\/\/bocaproyectos.com\/wp-content\/uploads\/2020\/05\/construccion-lowres-1.jpg 939w, http:\/\/bocaproyectos.com\/wp-content\/uploads\/2020\/05\/construccion-lowres-1-300x235.jpg 300w, http:\/\/bocaproyectos.com\/wp-content\/uploads\/2020\/05\/construccion-lowres-1-768x602.jpg 768w\" sizes=\"(max-width: 939px) 100vw, 939px\" \/><\/p>\n<p>&nbsp;<\/p>\n<h4>3. Maintenance of Buildings and Installations.<\/h4>\n<p>We provide Building Maintenance services (housing, offices, diplomatic headquarters, hotels, etc.) with a group of professionals, technicians and workers, specialized in electrical, sanitary, refrigeration (HVAC), voice and data, carpentry, masonry, blacksmithing and paint.<\/p>\n<p>The quality and commitment of our staff in carrying out this service has led us to work with clients such as the American Embassy, \u200b\u200bthe Japanese Embassy, \u200b\u200bthe Uruguayan Embassy, \u200b\u200betc.<\/p>\n<p>Some of the maintenance work we do:<\/p>\n<p>Plumbing.<br \/>\nMasonry.<br \/>\nCarpentry and blacksmith.<br \/>\nPiping and electrical wiring.<br \/>\nWaterproofing.<br \/>\nPainting and caulking of walls and ceilings.<br \/>\nDrywall partition construction.<br \/>\nPreventive maintenance of A.A. (HVAC).<br \/>\nConstruction of white water and wastewater networks.<br \/>\nInstallation of water tanks.<br \/>\nBalancing and control of electrical charges.<br \/>\netc.<\/p>\n<p>&nbsp;<\/p>\n<p><img loading=\"lazy\" class=\"alignnone wp-image-1754 size-full\" src=\"http:\/\/bocaproyectos.com\/wp-content\/uploads\/2020\/05\/mantenimiento-lowres.jpg\" alt=\"\" width=\"939\" height=\"736\" srcset=\"http:\/\/bocaproyectos.com\/wp-content\/uploads\/2020\/05\/mantenimiento-lowres.jpg 939w, http:\/\/bocaproyectos.com\/wp-content\/uploads\/2020\/05\/mantenimiento-lowres-300x235.jpg 300w, http:\/\/bocaproyectos.com\/wp-content\/uploads\/2020\/05\/mantenimiento-lowres-768x602.jpg 768w\" sizes=\"(max-width: 939px) 100vw, 939px\" \/><\/p>\n<p>&nbsp;<\/p>\n<p><strong>4. Clients<\/strong><\/p>\n<p>We have the experience of having designed and executed buildings, extensions and remodeling for private, institutional and corporate clients. We have worked alongside each of them with the aim of obtaining the best possible result and process.<\/p>\n<p>Our private clients have allowed us to participate in the construction of goals and desires, being these their houses, offices or ventures.<\/p>\n<p>In the corporate sphere, we have developed projects that, within a humanistic vision, have assumed the responsibility of becoming vehicles for the communication of the values \u200b\u200band identity of a Company and \/ or Brand; Public and private institutions have turned to our services to develop and execute projects, the ultimate goal of which is to bring them closer to the their communities.<\/p>\n<p>&nbsp;<\/p>\n<p><img loading=\"lazy\" class=\"alignnone size-large wp-image-3349\" src=\"http:\/\/bocaproyectos.com\/wp-content\/uploads\/2025\/10\/clientes-1024x802.png\" alt=\"\" width=\"960\" height=\"752\" srcset=\"http:\/\/bocaproyectos.com\/wp-content\/uploads\/2025\/10\/clientes-1024x802.png 1024w, http:\/\/bocaproyectos.com\/wp-content\/uploads\/2025\/10\/clientes-300x235.png 300w, http:\/\/bocaproyectos.com\/wp-content\/uploads\/2025\/10\/clientes-768x602.png 768w, http:\/\/bocaproyectos.com\/wp-content\/uploads\/2025\/10\/clientes-1536x1204.png 1536w, http:\/\/bocaproyectos.com\/wp-content\/uploads\/2025\/10\/clientes-2048x1605.png 2048w, http:\/\/bocaproyectos.com\/wp-content\/uploads\/2025\/10\/clientes-1560x1222.png 1560w\" sizes=\"(max-width: 960px) 100vw, 960px\" \/><\/p>\n<p>&nbsp;<\/p>\n<p><strong>5. Team members:<\/strong><\/p>\n<p>Director \u00c1rea de Construcci\u00f3n: Manuel Barrios \/ Directora \u00c1rea de Proyectos: Iliana Germ\u00e1n \/ Director \u00c1rea de Mantenimiento: Juan Germ\u00e1n Senatore \/ Coordinador de Operaciones: Daniel Gonz\u00e1lez V. \/ Equipo de Arquitectos:\u00a0 Yabeth Bautista, Jes\u00fas Goncalvez, Mar\u00eda Isabel Gonz\u00e1lez, Deborah Mart\u00ednez, Rafael Malaguera \/ Proyectos de Ingenier\u00eda: Bernardo Dorbessan, V\u00edctor Aguirre, David Ogaya, Alcib\u00edades Pirela, Ricardo Unda \/ T\u00e9cnicos: Edinson Colina, Kenyer Contreras, Edixon Gonz\u00e1lez, Iv\u00e1n Hidalgo y Evinson Barcel\u00f3.<\/p>\n<h6>referencias bibliogr\u00e1ficas<\/h6>\n<ul>\n<li>\n<h6><span style=\"color: #808080;\">The American Institute of Architects. (2007)\u00a0<em>Best Practices. Defining the architect\u2019s basic services<\/em>. Washington, D.C: AIA.<\/span><\/h6>\n<\/li>\n<li>\n<h6><span style=\"color: #808080;\">Colegio de Ingenieros de Venezuela. (1994)\u00a0<em>Manual de Contrataci\u00f3n de Servicios de consultor\u00eda de Ingenier\u00eda, Arquitectura y profesiones af\u00ednes (3\u00aa edici\u00f3n)<\/em>. Caracas: Fundaci\u00f3n Juan Jos\u00e9 Aguerrevere.<\/span><\/h6>\n<\/li>\n<\/ul>\n","protected":false},"excerpt":{"rendered":"<p>We are an architecture firm in Caracas, offering innovative and personalized solutions in design, construction, and maintenance to clients in Caracas, Valencia, Maracay, and other cities in Venezuela. Our team of architects, engineers, technicians, and construction workers collaborates closely with each client to develop proposals that meet their desires, needs, and resources. This collaboration is [&hellip;]<\/p>\n","protected":false},"author":1,"featured_media":0,"parent":0,"menu_order":5,"comment_status":"closed","ping_status":"closed","template":"","meta":[],"_links":{"self":[{"href":"http:\/\/bocaproyectos.com\/en\/wp-json\/wp\/v2\/pages\/1895"}],"collection":[{"href":"http:\/\/bocaproyectos.com\/en\/wp-json\/wp\/v2\/pages"}],"about":[{"href":"http:\/\/bocaproyectos.com\/en\/wp-json\/wp\/v2\/types\/page"}],"author":[{"embeddable":true,"href":"http:\/\/bocaproyectos.com\/en\/wp-json\/wp\/v2\/users\/1"}],"replies":[{"embeddable":true,"href":"http:\/\/bocaproyectos.com\/en\/wp-json\/wp\/v2\/comments?post=1895"}],"version-history":[{"count":18,"href":"http:\/\/bocaproyectos.com\/en\/wp-json\/wp\/v2\/pages\/1895\/revisions"}],"predecessor-version":[{"id":3482,"href":"http:\/\/bocaproyectos.com\/en\/wp-json\/wp\/v2\/pages\/1895\/revisions\/3482"}],"wp:attachment":[{"href":"http:\/\/bocaproyectos.com\/en\/wp-json\/wp\/v2\/media?parent=1895"}],"curies":[{"name":"wp","href":"https:\/\/api.w.org\/{rel}","templated":true}]}}